{"id":830,"date":"2024-02-24T16:29:33","date_gmt":"2024-02-24T15:29:33","guid":{"rendered":"https:\/\/autoskola-ala.cz\/?page_id=830"},"modified":"2025-01-07T10:51:35","modified_gmt":"2025-01-07T09:51:35","slug":"ke-stazeni","status":"publish","type":"page","link":"https:\/\/autoskola-ala.cz\/index.php\/ke-stazeni\/","title":{"rendered":"Ke sta\u017een\u00ed"},"content":{"rendered":"\t\t<div data-elementor-type=\"wp-page\" data-elementor-id=\"830\" class=\"elementor elementor-830\">\n\t\t\t\t<div class=\"elementor-element elementor-element-0175db1 e-flex e-con-boxed e-con e-parent\" data-id=\"0175db1\" data-element_type=\"container\" data-e-type=\"container\">\n\t\t\t\t\t<div class=\"e-con-inner\">\n\t\t<div class=\"elementor-element elementor-element-e505089 e-con-full e-flex e-con e-child\" data-id=\"e505089\" data-element_type=\"container\" data-e-type=\"container\">\n\t\t\t\t<div class=\"elementor-element elementor-element-c65af6e elementor-widget elementor-widget-heading\" data-id=\"c65af6e\" data-element_type=\"widget\" data-e-type=\"widget\" data-widget_type=\"heading.default\">\n\t\t\t\t<div class=\"elementor-widget-container\">\n\t\t\t\t\t<h2 class=\"elementor-heading-title elementor-size-default\"><a href=\"https:\/\/autoskola-ala.cz\/wp-content\/uploads\/2024\/02\/Zadost_o_prijeti_k_vyuce.pdf\">\u017d\u00e1dost k p\u0159ijet\u00ed k v\u00fduce<\/a><\/h2>\t\t\t\t<\/div>\n\t\t\t\t<\/div>\n\t\t\t\t<\/div>\n\t\t<div class=\"elementor-element elementor-element-c63ec60 e-con-full e-flex e-con e-child\" data-id=\"c63ec60\" data-element_type=\"container\" data-e-type=\"container\">\n\t\t\t\t<div class=\"elementor-element elementor-element-c24950d elementor-widget elementor-widget-heading\" data-id=\"c24950d\" data-element_type=\"widget\" data-e-type=\"widget\" data-widget_type=\"heading.default\">\n\t\t\t\t<div class=\"elementor-widget-container\">\n\t\t\t\t\t<h2 class=\"elementor-heading-title elementor-size-default\"><a href=\"https:\/\/autoskola-ala.cz\/wp-content\/uploads\/2025\/01\/posudek-dle-445-2024.pdf\">L\u00e9ka\u0159sk\u00fd posudek<\/a><\/h2>\t\t\t\t<\/div>\n\t\t\t\t<\/div>\n\t\t\t\t<\/div>\n\t\t\t\t\t<\/div>\n\t\t\t\t<\/div>\n\t\t<div class=\"elementor-element elementor-element-dfb94fb e-flex e-con-boxed e-con e-parent\" data-id=\"dfb94fb\" data-element_type=\"container\" data-e-type=\"container\">\n\t\t\t\t\t<div class=\"e-con-inner\">\n\t\t<div class=\"elementor-element elementor-element-deb82a1 e-con-full e-flex e-con e-child\" data-id=\"deb82a1\" data-element_type=\"container\" data-e-type=\"container\">\n\t\t\t\t<div class=\"elementor-element elementor-element-9c22a60 elementor-widget elementor-widget-heading\" data-id=\"9c22a60\" data-element_type=\"widget\" data-e-type=\"widget\" data-widget_type=\"heading.default\">\n\t\t\t\t<div class=\"elementor-widget-container\">\n\t\t\t\t\t<h2 class=\"elementor-heading-title elementor-size-default\"><a href=\"https:\/\/autoskola-ala.cz\/wp-content\/uploads\/2024\/02\/1-Smlouva-o-vyuce-a-vycviku-Autoskola-Ala.cz_.pdf\">Smlouva o v\u00fduce a v\u00fdcviku<\/a><\/h2>\t\t\t\t<\/div>\n\t\t\t\t<\/div>\n\t\t\t\t<\/div>\n\t\t<div class=\"elementor-element elementor-element-ccef25b e-con-full e-flex e-con e-child\" data-id=\"ccef25b\" data-element_type=\"container\" data-e-type=\"container\">\n\t\t\t\t<\/div>\n\t\t\t\t\t<\/div>\n\t\t\t\t<\/div>\n\t\t\t\t<\/div>\n\t\t","protected":false},"excerpt":{"rendered":"<p>\u017d\u00e1dost k p\u0159ijet\u00ed k v\u00fduce L\u00e9ka\u0159sk\u00fd posudek Smlouva o v\u00fduce a v\u00fdcviku<\/p>\n","protected":false},"author":1,"featured_media":0,"parent":0,"menu_order":0,"comment_status":"closed","ping_status":"closed","template":"","meta":{"footnotes":""},"class_list":["post-830","page","type-page","status-publish","hentry"],"_links":{"self":[{"href":"https:\/\/autoskola-ala.cz\/index.php\/wp-json\/wp\/v2\/pages\/830","targetHints":{"allow":["GET"]}}],"collection":[{"href":"https:\/\/autoskola-ala.cz\/index.php\/wp-json\/wp\/v2\/pages"}],"about":[{"href":"https:\/\/autoskola-ala.cz\/index.php\/wp-json\/wp\/v2\/types\/page"}],"author":[{"embeddable":true,"href":"https:\/\/autoskola-ala.cz\/index.php\/wp-json\/wp\/v2\/users\/1"}],"replies":[{"embeddable":true,"href":"https:\/\/autoskola-ala.cz\/index.php\/wp-json\/wp\/v2\/comments?post=830"}],"version-history":[{"count":22,"href":"https:\/\/autoskola-ala.cz\/index.php\/wp-json\/wp\/v2\/pages\/830\/revisions"}],"predecessor-version":[{"id":1058,"href":"https:\/\/autoskola-ala.cz\/index.php\/wp-json\/wp\/v2\/pages\/830\/revisions\/1058"}],"wp:attachment":[{"href":"https:\/\/autoskola-ala.cz\/index.php\/wp-json\/wp\/v2\/media?parent=830"}],"curies":[{"name":"wp","href":"https:\/\/api.w.org\/{rel}","templated":true}]}}